{"id":13907,"date":"2025-08-12T12:11:35","date_gmt":"2025-08-12T12:11:35","guid":{"rendered":"https:\/\/wp-staging.sproof.com\/awans\/rozpocznij-probna-probe-probna\/"},"modified":"2025-08-12T12:11:35","modified_gmt":"2025-08-12T12:11:35","slug":"rozpocznij-probna-probe-probna","status":"publish","type":"page","link":"https:\/\/wp-staging.sproof.com\/pl\/awans\/rozpocznij-probna-probe-probna\/","title":{"rendered":"Rozpocznij pr\u00f3bn\u0105 pr\u00f3b\u0119 pr\u00f3bn\u0105"},"content":{"rendered":"","protected":false},"excerpt":{"rendered":"","protected":false},"author":1,"featured_media":0,"parent":13905,"menu_order":0,"comment_status":"closed","ping_status":"closed","template":"","meta":{"_acf_changed":false,"footnotes":""},"class_list":["post-13907","page","type-page","status-publish","hentry"],"acf":[],"_links":{"self":[{"href":"https:\/\/wp-staging.sproof.com\/pl\/wp-json\/wp\/v2\/pages\/13907","targetHints":{"allow":["GET"]}}],"collection":[{"href":"https:\/\/wp-staging.sproof.com\/pl\/wp-json\/wp\/v2\/pages"}],"about":[{"href":"https:\/\/wp-staging.sproof.com\/pl\/wp-json\/wp\/v2\/types\/page"}],"author":[{"embeddable":true,"href":"https:\/\/wp-staging.sproof.com\/pl\/wp-json\/wp\/v2\/users\/1"}],"replies":[{"embeddable":true,"href":"https:\/\/wp-staging.sproof.com\/pl\/wp-json\/wp\/v2\/comments?post=13907"}],"version-history":[{"count":0,"href":"https:\/\/wp-staging.sproof.com\/pl\/wp-json\/wp\/v2\/pages\/13907\/revisions"}],"up":[{"embeddable":true,"href":"https:\/\/wp-staging.sproof.com\/pl\/wp-json\/wp\/v2\/pages\/13905"}],"wp:attachment":[{"href":"https:\/\/wp-staging.sproof.com\/pl\/wp-json\/wp\/v2\/media?parent=13907"}],"curies":[{"name":"wp","href":"https:\/\/api.w.org\/{rel}","templated":true}]}}