{"id":72713,"date":"2025-08-12T12:11:35","date_gmt":"2025-08-12T12:11:35","guid":{"rendered":"https:\/\/wp-staging.sproof.com\/veicinasana\/sproof-izmeginajuma-uzsaksana\/"},"modified":"2025-08-12T12:11:35","modified_gmt":"2025-08-12T12:11:35","slug":"sproof-izmeginajuma-uzsaksana","status":"publish","type":"page","link":"https:\/\/wp-staging.sproof.com\/lv\/veicinasana\/sproof-izmeginajuma-uzsaksana\/","title":{"rendered":"Sproof izm\u0113\u0123in\u0101juma uzs\u0101k\u0161ana"},"content":{"rendered":"","protected":false},"excerpt":{"rendered":"","protected":false},"author":1,"featured_media":0,"parent":67000,"menu_order":0,"comment_status":"closed","ping_status":"closed","template":"","meta":{"_acf_changed":false,"footnotes":""},"class_list":["post-72713","page","type-page","status-publish","hentry"],"acf":[],"_links":{"self":[{"href":"https:\/\/wp-staging.sproof.com\/lv\/wp-json\/wp\/v2\/pages\/72713","targetHints":{"allow":["GET"]}}],"collection":[{"href":"https:\/\/wp-staging.sproof.com\/lv\/wp-json\/wp\/v2\/pages"}],"about":[{"href":"https:\/\/wp-staging.sproof.com\/lv\/wp-json\/wp\/v2\/types\/page"}],"author":[{"embeddable":true,"href":"https:\/\/wp-staging.sproof.com\/lv\/wp-json\/wp\/v2\/users\/1"}],"replies":[{"embeddable":true,"href":"https:\/\/wp-staging.sproof.com\/lv\/wp-json\/wp\/v2\/comments?post=72713"}],"version-history":[{"count":0,"href":"https:\/\/wp-staging.sproof.com\/lv\/wp-json\/wp\/v2\/pages\/72713\/revisions"}],"up":[{"embeddable":true,"href":"https:\/\/wp-staging.sproof.com\/lv\/wp-json\/wp\/v2\/pages\/67000"}],"wp:attachment":[{"href":"https:\/\/wp-staging.sproof.com\/lv\/wp-json\/wp\/v2\/media?parent=72713"}],"curies":[{"name":"wp","href":"https:\/\/api.w.org\/{rel}","templated":true}]}}