{"id":72714,"date":"2025-08-12T12:11:35","date_gmt":"2025-08-12T12:11:35","guid":{"rendered":"https:\/\/wp-staging.sproof.com\/skatinimas\/pradekite-sproof-bandomaja-versija\/"},"modified":"2025-08-12T12:11:35","modified_gmt":"2025-08-12T12:11:35","slug":"pradekite-sproof-bandomaja-versija","status":"publish","type":"page","link":"https:\/\/wp-staging.sproof.com\/lt\/skatinimas\/pradekite-sproof-bandomaja-versija\/","title":{"rendered":"Prad\u0117kite &#8220;Sproof&#8221; bandom\u0105j\u0105 versij\u0105"},"content":{"rendered":"","protected":false},"excerpt":{"rendered":"","protected":false},"author":1,"featured_media":0,"parent":66940,"menu_order":0,"comment_status":"closed","ping_status":"closed","template":"","meta":{"_acf_changed":false,"footnotes":""},"class_list":["post-72714","page","type-page","status-publish","hentry"],"acf":[],"_links":{"self":[{"href":"https:\/\/wp-staging.sproof.com\/lt\/wp-json\/wp\/v2\/pages\/72714","targetHints":{"allow":["GET"]}}],"collection":[{"href":"https:\/\/wp-staging.sproof.com\/lt\/wp-json\/wp\/v2\/pages"}],"about":[{"href":"https:\/\/wp-staging.sproof.com\/lt\/wp-json\/wp\/v2\/types\/page"}],"author":[{"embeddable":true,"href":"https:\/\/wp-staging.sproof.com\/lt\/wp-json\/wp\/v2\/users\/1"}],"replies":[{"embeddable":true,"href":"https:\/\/wp-staging.sproof.com\/lt\/wp-json\/wp\/v2\/comments?post=72714"}],"version-history":[{"count":0,"href":"https:\/\/wp-staging.sproof.com\/lt\/wp-json\/wp\/v2\/pages\/72714\/revisions"}],"up":[{"embeddable":true,"href":"https:\/\/wp-staging.sproof.com\/lt\/wp-json\/wp\/v2\/pages\/66940"}],"wp:attachment":[{"href":"https:\/\/wp-staging.sproof.com\/lt\/wp-json\/wp\/v2\/media?parent=72714"}],"curies":[{"name":"wp","href":"https:\/\/api.w.org\/{rel}","templated":true}]}}