{"id":72690,"date":"2025-08-12T12:11:35","date_gmt":"2025-08-12T12:11:35","guid":{"rendered":"https:\/\/wp-staging.sproof.com\/promocio\/inditsa-el-a-sproof-probat\/"},"modified":"2025-08-12T12:11:35","modified_gmt":"2025-08-12T12:11:35","slug":"inditsa-el-a-sproof-probat","status":"publish","type":"page","link":"https:\/\/wp-staging.sproof.com\/hu\/promocio\/inditsa-el-a-sproof-probat\/","title":{"rendered":"Ind\u00edtsa el a sproof pr\u00f3b\u00e1t"},"content":{"rendered":"","protected":false},"excerpt":{"rendered":"","protected":false},"author":1,"featured_media":0,"parent":66999,"menu_order":0,"comment_status":"closed","ping_status":"closed","template":"","meta":{"_acf_changed":false,"footnotes":""},"class_list":["post-72690","page","type-page","status-publish","hentry"],"acf":[],"_links":{"self":[{"href":"https:\/\/wp-staging.sproof.com\/hu\/wp-json\/wp\/v2\/pages\/72690","targetHints":{"allow":["GET"]}}],"collection":[{"href":"https:\/\/wp-staging.sproof.com\/hu\/wp-json\/wp\/v2\/pages"}],"about":[{"href":"https:\/\/wp-staging.sproof.com\/hu\/wp-json\/wp\/v2\/types\/page"}],"author":[{"embeddable":true,"href":"https:\/\/wp-staging.sproof.com\/hu\/wp-json\/wp\/v2\/users\/1"}],"replies":[{"embeddable":true,"href":"https:\/\/wp-staging.sproof.com\/hu\/wp-json\/wp\/v2\/comments?post=72690"}],"version-history":[{"count":0,"href":"https:\/\/wp-staging.sproof.com\/hu\/wp-json\/wp\/v2\/pages\/72690\/revisions"}],"up":[{"embeddable":true,"href":"https:\/\/wp-staging.sproof.com\/hu\/wp-json\/wp\/v2\/pages\/66999"}],"wp:attachment":[{"href":"https:\/\/wp-staging.sproof.com\/hu\/wp-json\/wp\/v2\/media?parent=72690"}],"curies":[{"name":"wp","href":"https:\/\/api.w.org\/{rel}","templated":true}]}}